{"id":44,"date":"2020-02-02T13:33:56","date_gmt":"2020-02-02T13:33:56","guid":{"rendered":"https:\/\/jupiterx.artbees.net\/copywriter\/?page_id=44"},"modified":"2023-05-12T10:32:41","modified_gmt":"2023-05-12T09:32:41","slug":"artigos","status":"publish","type":"page","link":"https:\/\/ritapereirabrettes.com\/en\/artigos\/","title":{"rendered":"Articles"},"content":{"rendered":"<div data-elementor-type=\"wp-page\" data-elementor-id=\"44\" class=\"elementor elementor-44\">\n\t\t\t\t\t\t\t\t\t<section class=\"elementor-section elementor-top-section elementor-element elementor-element-abbc901 elementor-section-height-min-height elementor-section-items-stretch elementor-section-boxed elementor-section-height-default\" data-id=\"abbc901\" data-element_type=\"section\" data-settings=\"{&quot;jet_parallax_layout_list&quot;:[{&quot;jet_parallax_layout_image&quot;:{&quot;url&quot;:&quot;&quot;,&quot;id&quot;:&quot;&quot;,&quot;size&quot;:&quot;&quot;},&quot;_id&quot;:&quot;7f33a07&quot;,&quot;jet_parallax_layout_speed&quot;:{&quot;unit&quot;:&quot;%&quot;,&quot;size&quot;:&quot;50&quot;,&quot;sizes&quot;:[]},&quot;jet_parallax_layout_bg_x&quot;:&quot;50&quot;,&quot;jet_parallax_layout_bg_y&quot;:&quot;50&quot;,&quot;jet_parallax_layout_image_tablet&quot;:{&quot;url&quot;:&quot;&quot;,&quot;id&quot;:&quot;&quot;,&quot;size&quot;:&quot;&quot;},&quot;jet_parallax_layout_image_mobile&quot;:{&quot;url&quot;:&quot;&quot;,&quot;id&quot;:&quot;&quot;,&quot;size&quot;:&quot;&quot;},&quot;jet_parallax_layout_type&quot;:&quot;scroll&quot;,&quot;jet_parallax_layout_direction&quot;:null,&quot;jet_parallax_layout_fx_direction&quot;:null,&quot;jet_parallax_layout_z_index&quot;:&quot;&quot;,&quot;jet_parallax_layout_bg_x_tablet&quot;:&quot;&quot;,&quot;jet_parallax_layout_bg_x_mobile&quot;:&quot;&quot;,&quot;jet_parallax_layout_bg_y_tablet&quot;:&quot;&quot;,&quot;jet_parallax_layout_bg_y_mobile&quot;:&quot;&quot;,&quot;jet_parallax_layout_bg_size&quot;:&quot;auto&quot;,&quot;jet_parallax_layout_bg_size_tablet&quot;:&quot;&quot;,&quot;jet_parallax_layout_bg_size_mobile&quot;:&quot;&quot;,&quot;jet_parallax_layout_animation_prop&quot;:&quot;transform&quot;,&quot;jet_parallax_layout_on&quot;:[&quot;desktop&quot;,&quot;tablet&quot;]}],&quot;background_background&quot;:&quot;classic&quot;}\">\n\t\t\t\t\t\t\t<div class=\"elementor-background-overlay\"><\/div>\n\t\t\t\t\t\t\t<div class=\"elementor-container elementor-column-gap-default\">\n\t\t\t\t\t<div class=\"elementor-column elementor-col-100 elementor-top-column elementor-element elementor-element-fd50799\" data-id=\"fd50799\" data-element_type=\"column\">\n\t\t\t<div class=\"elementor-widget-wrap elementor-element-populated\">\n\t\t\t\t\t\t\t\t<div class=\"elementor-element elementor-element-7ef93a5 elementor-widget__width-auto elementor-widget elementor-widget-image\" data-id=\"7ef93a5\" data-element_type=\"widget\" data-widget_type=\"image.default\">\n\t\t\t\t<div class=\"elementor-widget-container\">\n\t\t\t<style>\/*! elementor - v3.13.2 - 11-05-2023 *\/\n.elementor-widget-image{text-align:center}.elementor-widget-image a{display:inline-block}.elementor-widget-image a img[src$=\".svg\"]{width:48px}.elementor-widget-image img{vertical-align:middle;display:inline-block}<\/style>\t\t\t\t\t\t\t\t\t\t\t\t<img decoding=\"async\" width=\"500\" height=\"500\" src=\"https:\/\/ritapereirabrettes.com\/wp-content\/uploads\/2023\/03\/favicon4.png\" class=\"attachment-large size-large wp-image-844\" alt=\"\" loading=\"lazy\" srcset=\"https:\/\/ritapereirabrettes.com\/wp-content\/uploads\/2023\/03\/favicon4.png 500w, https:\/\/ritapereirabrettes.com\/wp-content\/uploads\/2023\/03\/favicon4-300x300.png 300w, https:\/\/ritapereirabrettes.com\/wp-content\/uploads\/2023\/03\/favicon4-150x150.png 150w, https:\/\/ritapereirabrettes.com\/wp-content\/uploads\/2023\/03\/favicon4-12x12.png 12w\" sizes=\"(max-width: 500px) 100vw, 500px\" \/>\t\t\t\t\t\t\t\t\t\t\t\t\t\t\t<\/div>\n\t\t\t\t<\/div>\n\t\t\t\t<div class=\"elementor-element elementor-element-ca1d8c9 elementor-align-center elementor-widget__width-auto elementor-widget elementor-widget-raven-heading\" data-id=\"ca1d8c9\" data-element_type=\"widget\" data-widget_type=\"raven-heading.default\">\n\t\t\t\t<div class=\"elementor-widget-container\">\n\t\t\t\t\t<div class=\"raven-widget-wrapper\"><h1 class=\"raven-heading raven-heading-h1\"><span class=\"raven-heading-title\">Articles<\/span><\/h1><\/div>\n\t\t\t\t<\/div>\n\t\t\t\t<\/div>\n\t\t\t\t\t<\/div>\n\t\t<\/div>\n\t\t\t\t\t\t\t<\/div>\n\t\t<\/section>\n\t\t\t\t<section class=\"elementor-section elementor-top-section elementor-element elementor-element-8a53e95 elementor-section-boxed elementor-section-height-default elementor-section-height-default\" data-id=\"8a53e95\" data-element_type=\"section\" data-settings=\"{&quot;jet_parallax_layout_list&quot;:[{&quot;jet_parallax_layout_image&quot;:{&quot;url&quot;:&quot;&quot;,&quot;id&quot;:&quot;&quot;,&quot;size&quot;:&quot;&quot;},&quot;_id&quot;:&quot;97f7920&quot;,&quot;jet_parallax_layout_speed&quot;:{&quot;unit&quot;:&quot;%&quot;,&quot;size&quot;:&quot;50&quot;,&quot;sizes&quot;:[]},&quot;jet_parallax_layout_bg_x&quot;:&quot;50&quot;,&quot;jet_parallax_layout_bg_y&quot;:&quot;50&quot;,&quot;jet_parallax_layout_image_tablet&quot;:{&quot;url&quot;:&quot;&quot;,&quot;id&quot;:&quot;&quot;,&quot;size&quot;:&quot;&quot;},&quot;jet_parallax_layout_image_mobile&quot;:{&quot;url&quot;:&quot;&quot;,&quot;id&quot;:&quot;&quot;,&quot;size&quot;:&quot;&quot;},&quot;jet_parallax_layout_type&quot;:&quot;scroll&quot;,&quot;jet_parallax_layout_direction&quot;:null,&quot;jet_parallax_layout_fx_direction&quot;:null,&quot;jet_parallax_layout_z_index&quot;:&quot;&quot;,&quot;jet_parallax_layout_bg_x_tablet&quot;:&quot;&quot;,&quot;jet_parallax_layout_bg_x_mobile&quot;:&quot;&quot;,&quot;jet_parallax_layout_bg_y_tablet&quot;:&quot;&quot;,&quot;jet_parallax_layout_bg_y_mobile&quot;:&quot;&quot;,&quot;jet_parallax_layout_bg_size&quot;:&quot;auto&quot;,&quot;jet_parallax_layout_bg_size_tablet&quot;:&quot;&quot;,&quot;jet_parallax_layout_bg_size_mobile&quot;:&quot;&quot;,&quot;jet_parallax_layout_animation_prop&quot;:&quot;transform&quot;,&quot;jet_parallax_layout_on&quot;:[&quot;desktop&quot;,&quot;tablet&quot;]}],&quot;background_background&quot;:&quot;classic&quot;}\">\n\t\t\t\t\t\t<div class=\"elementor-container elementor-column-gap-default\">\n\t\t\t\t\t<div class=\"elementor-column elementor-col-100 elementor-top-column elementor-element elementor-element-dd4eaf5\" data-id=\"dd4eaf5\" data-element_type=\"column\">\n\t\t\t<div class=\"elementor-widget-wrap elementor-element-populated\">\n\t\t\t\t\t\t\t\t<div class=\"elementor-element elementor-element-1a01588 elementor-widget elementor-widget-raven-posts\" data-id=\"1a01588\" data-element_type=\"widget\" data-settings=\"{&quot;query_posts_per_page&quot;:12,&quot;classic_columns_tablet&quot;:&quot;3&quot;,&quot;_skin&quot;:&quot;classic&quot;,&quot;classic_layout&quot;:&quot;grid&quot;,&quot;classic_columns&quot;:&quot;3&quot;,&quot;classic_columns_mobile&quot;:&quot;1&quot;,&quot;query_offset&quot;:0}\" data-widget_type=\"raven-posts.classic\">\n\t\t\t\t<div class=\"elementor-widget-container\">\n\t\t\t\t\t<div class=\"raven-posts raven-grid raven-grid-3 raven-grid-mobile-1 raven-grid-tablet-3\" data-post-id=\"44\" data-archive-query=\"\">\n\t\t\t\t<div class=\"raven-grid-item raven-post-item post-461 post type-post status-publish format-standard has-post-thumbnail hentry category-sem-categoria\">\n\t\t\t<div class=\"raven-post\">\n\t\t\t\t\t\t<div class=\"raven-post-image-wrap\">\n\t\t\t<a class=\"raven-post-image raven-image-fit\" href=\"https:\/\/ritapereirabrettes.com\/en\/dicas-para-te-rodeares-do-novo-idioma\/\"><img width=\"1200\" height=\"900\" src=\"https:\/\/ritapereirabrettes.com\/wp-content\/uploads\/2023\/02\/foto_artigo_conhece_te-1536x1152-1.webp\" class=\"attachment-full size-full wp-image-955\" alt=\"\" decoding=\"async\" loading=\"lazy\" srcset=\"https:\/\/ritapereirabrettes.com\/wp-content\/uploads\/2023\/02\/foto_artigo_conhece_te-1536x1152-1.webp 1200w, https:\/\/ritapereirabrettes.com\/wp-content\/uploads\/2023\/02\/foto_artigo_conhece_te-1536x1152-1-300x225.webp 300w, https:\/\/ritapereirabrettes.com\/wp-content\/uploads\/2023\/02\/foto_artigo_conhece_te-1536x1152-1-1024x768.webp 1024w, https:\/\/ritapereirabrettes.com\/wp-content\/uploads\/2023\/02\/foto_artigo_conhece_te-1536x1152-1-768x576.webp 768w, https:\/\/ritapereirabrettes.com\/wp-content\/uploads\/2023\/02\/foto_artigo_conhece_te-1536x1152-1-16x12.webp 16w\" sizes=\"(max-width: 1200px) 100vw, 1200px\" \/> <span class=\"raven-post-image-overlay\"><\/span><\/a>\t\t<\/div>\n\t\t\t\t\t\t<div class=\"raven-post-content\">\n\t\t\t\t\t<h2 class=\"raven-post-title\"><a class=\"raven-post-title-link\" href=\"https:\/\/ritapereirabrettes.com\/en\/dicas-para-te-rodeares-do-novo-idioma\/\">Know yourself as a learner. Tips to surround yourself with the new language<\/a><\/h2>\t\t<div class=\"raven-post-read-more\">\n\t\t\t<a class=\"raven-post-button\" href=\"https:\/\/ritapereirabrettes.com\/en\/dicas-para-te-rodeares-do-novo-idioma\/\"><span class=\"raven-post-button-text\">Read Article<\/span><\/a>\n\t\t<\/div>\n\t\t\t\t\t\t<\/div>\n\t\t\t<\/div>\n\t\t<\/div>\n\t\t\t\t<div class=\"raven-grid-item raven-post-item post-459 post type-post status-publish format-standard has-post-thumbnail hentry category-sem-categoria\">\n\t\t\t<div class=\"raven-post\">\n\t\t\t\t\t\t<div class=\"raven-post-image-wrap\">\n\t\t\t<a class=\"raven-post-image raven-image-fit\" href=\"https:\/\/ritapereirabrettes.com\/en\/sim-tu-consegues\/\"><img width=\"1200\" height=\"800\" src=\"https:\/\/ritapereirabrettes.com\/wp-content\/uploads\/2023\/02\/yes-you-can_texto.jpg\" class=\"attachment-full size-full wp-image-447\" alt=\"imagem de destaque do artigo Sim, tu consegues da p\u00e1gina de Rita Brettes\" decoding=\"async\" loading=\"lazy\" srcset=\"https:\/\/ritapereirabrettes.com\/wp-content\/uploads\/2023\/02\/yes-you-can_texto.jpg 1200w, https:\/\/ritapereirabrettes.com\/wp-content\/uploads\/2023\/02\/yes-you-can_texto-300x200.jpg 300w, https:\/\/ritapereirabrettes.com\/wp-content\/uploads\/2023\/02\/yes-you-can_texto-1024x683.jpg 1024w, https:\/\/ritapereirabrettes.com\/wp-content\/uploads\/2023\/02\/yes-you-can_texto-768x512.jpg 768w, https:\/\/ritapereirabrettes.com\/wp-content\/uploads\/2023\/02\/yes-you-can_texto-18x12.jpg 18w\" sizes=\"(max-width: 1200px) 100vw, 1200px\" \/> <span class=\"raven-post-image-overlay\"><\/span><\/a>\t\t<\/div>\n\t\t\t\t\t\t<div class=\"raven-post-content\">\n\t\t\t\t\t<h2 class=\"raven-post-title\"><a class=\"raven-post-title-link\" href=\"https:\/\/ritapereirabrettes.com\/en\/sim-tu-consegues\/\">Yes you can! There is no such thing as a bad learner!<\/a><\/h2>\t\t<div class=\"raven-post-read-more\">\n\t\t\t<a class=\"raven-post-button\" href=\"https:\/\/ritapereirabrettes.com\/en\/sim-tu-consegues\/\"><span class=\"raven-post-button-text\">Read Article<\/span><\/a>\n\t\t<\/div>\n\t\t\t\t\t\t<\/div>\n\t\t\t<\/div>\n\t\t<\/div>\n\t\t\t\t<div class=\"raven-grid-item raven-post-item post-431 post type-post status-publish format-standard has-post-thumbnail hentry category-sem-categoria\">\n\t\t\t<div class=\"raven-post\">\n\t\t\t\t\t\t<div class=\"raven-post-image-wrap\">\n\t\t\t<a class=\"raven-post-image raven-image-fit\" href=\"https:\/\/ritapereirabrettes.com\/en\/descobre-portugal-faz-a-tua-propria-agenda-cultural\/\"><img width=\"1200\" height=\"800\" src=\"https:\/\/ritapereirabrettes.com\/wp-content\/uploads\/2023\/02\/conheca-Portugal.jpg\" class=\"attachment-full size-full wp-image-450\" alt=\"Imagem de destaque do post do blog conhe\u00e7a Portugal\" decoding=\"async\" loading=\"lazy\" srcset=\"https:\/\/ritapereirabrettes.com\/wp-content\/uploads\/2023\/02\/conheca-Portugal.jpg 1200w, https:\/\/ritapereirabrettes.com\/wp-content\/uploads\/2023\/02\/conheca-Portugal-300x200.jpg 300w, https:\/\/ritapereirabrettes.com\/wp-content\/uploads\/2023\/02\/conheca-Portugal-1024x683.jpg 1024w, https:\/\/ritapereirabrettes.com\/wp-content\/uploads\/2023\/02\/conheca-Portugal-768x512.jpg 768w, https:\/\/ritapereirabrettes.com\/wp-content\/uploads\/2023\/02\/conheca-Portugal-18x12.jpg 18w\" sizes=\"(max-width: 1200px) 100vw, 1200px\" \/> <span class=\"raven-post-image-overlay\"><\/span><\/a>\t\t<\/div>\n\t\t\t\t\t\t<div class=\"raven-post-content\">\n\t\t\t\t\t<h2 class=\"raven-post-title\"><a class=\"raven-post-title-link\" href=\"https:\/\/ritapereirabrettes.com\/en\/descobre-portugal-faz-a-tua-propria-agenda-cultural\/\">Get to know Portugal. Create your own cultural agenda<\/a><\/h2>\t\t<div class=\"raven-post-read-more\">\n\t\t\t<a class=\"raven-post-button\" href=\"https:\/\/ritapereirabrettes.com\/en\/descobre-portugal-faz-a-tua-propria-agenda-cultural\/\"><span class=\"raven-post-button-text\">Read Article<\/span><\/a>\n\t\t<\/div>\n\t\t\t\t\t\t<\/div>\n\t\t\t<\/div>\n\t\t<\/div>\n\t\t\t\t<\/div>\n\t\t\t\t<\/div>\n\t\t\t\t<\/div>\n\t\t\t\t\t<\/div>\n\t\t<\/div>\n\t\t\t\t\t\t\t<\/div>\n\t\t<\/section>\n\t\t\t\t\t\t\t<\/div>","protected":false},"excerpt":{"rendered":"<p>Artigos titulo teste Ler artigo Conhece-te como aprendente. Dicas para te rodeares do novo idioma. Ler artigo Sim, Tu consegues! N\u00e3o h\u00e1 maus aprendentes Ler artigo Descobre Portugal. Faz a tua pr\u00f3pria agenda cultural Ler artigo<\/p>","protected":false},"author":2,"featured_media":0,"parent":0,"menu_order":0,"comment_status":"closed","ping_status":"closed","template":"elementor_header_footer","meta":[],"acf":[],"aioseo_notices":[],"_links":{"self":[{"href":"https:\/\/ritapereirabrettes.com\/en\/wp-json\/wp\/v2\/pages\/44"}],"collection":[{"href":"https:\/\/ritapereirabrettes.com\/en\/wp-json\/wp\/v2\/pages"}],"about":[{"href":"https:\/\/ritapereirabrettes.com\/en\/wp-json\/wp\/v2\/types\/page"}],"author":[{"embeddable":true,"href":"https:\/\/ritapereirabrettes.com\/en\/wp-json\/wp\/v2\/users\/2"}],"replies":[{"embeddable":true,"href":"https:\/\/ritapereirabrettes.com\/en\/wp-json\/wp\/v2\/comments?post=44"}],"version-history":[{"count":29,"href":"https:\/\/ritapereirabrettes.com\/en\/wp-json\/wp\/v2\/pages\/44\/revisions"}],"predecessor-version":[{"id":1815,"href":"https:\/\/ritapereirabrettes.com\/en\/wp-json\/wp\/v2\/pages\/44\/revisions\/1815"}],"wp:attachment":[{"href":"https:\/\/ritapereirabrettes.com\/en\/wp-json\/wp\/v2\/media?parent=44"}],"curies":[{"name":"wp","href":"https:\/\/api.w.org\/{rel}","templated":true}]}}